{"id":7887,"date":"2021-11-06T12:49:16","date_gmt":"2021-11-06T12:49:16","guid":{"rendered":"https:\/\/www.costergroup.eu\/privacy-policy\/"},"modified":"2021-11-06T12:49:16","modified_gmt":"2021-11-06T12:49:16","slug":"privacy-policy","status":"publish","type":"page","link":"https:\/\/www.costergroup.eu\/es\/privacy-policy\/","title":{"rendered":"Privacy Policy"},"content":{"rendered":"\t\t<div data-elementor-type=\"wp-page\" data-elementor-id=\"7887\" class=\"elementor elementor-7887 elementor-3\" data-elementor-post-type=\"page\">\n\t\t\t\t\t\t<section class=\"elementor-section elementor-top-section elementor-element elementor-element-8e778fa elementor-section-height-min-height elementor-section-content-bottom elementor-section-items-bottom elementor-section-boxed elementor-section-height-default\" data-id=\"8e778fa\" data-element_type=\"section\" data-settings=\"{&quot;background_background&quot;:&quot;classic&quot;}\">\n\t\t\t\t\t\t<div class=\"elementor-container elementor-column-gap-default\">\n\t\t\t\t\t<div class=\"elementor-column elementor-col-100 elementor-top-column elementor-element elementor-element-205a86e\" data-id=\"205a86e\" data-element_type=\"column\">\n\t\t\t<div class=\"elementor-widget-wrap elementor-element-populated\">\n\t\t\t\t\t\t<section class=\"elementor-section elementor-inner-section elementor-element elementor-element-e455969 rightx elementor-section-boxed elementor-section-height-default elementor-section-height-default\" data-id=\"e455969\" data-element_type=\"section\">\n\t\t\t\t\t\t<div class=\"elementor-container elementor-column-gap-no\">\n\t\t\t\t\t<div class=\"elementor-column elementor-col-100 elementor-inner-column elementor-element elementor-element-f7a55e6\" data-id=\"f7a55e6\" data-element_type=\"column\">\n\t\t\t<div class=\"elementor-widget-wrap elementor-element-populated\">\n\t\t\t\t\t\t\t<\/div>\n\t\t<\/div>\n\t\t\t\t\t<\/div>\n\t\t<\/section>\n\t\t\t\t\t<\/div>\n\t\t<\/div>\n\t\t\t\t\t<\/div>\n\t\t<\/section>\n\t\t\t\t<section class=\"elementor-section elementor-top-section elementor-element elementor-element-9d6588b elementor-section-boxed elementor-section-height-default elementor-section-height-default\" data-id=\"9d6588b\" data-element_type=\"section\">\n\t\t\t\t\t\t<div class=\"elementor-container elementor-column-gap-default\">\n\t\t\t\t\t<div class=\"elementor-column elementor-col-100 elementor-top-column elementor-element elementor-element-5dd3733\" data-id=\"5dd3733\" data-element_type=\"column\">\n\t\t\t<div class=\"elementor-widget-wrap elementor-element-populated\">\n\t\t\t\t\t\t<div class=\"elementor-element elementor-element-1acb65b str elementor-widget elementor-widget-text-editor\" data-id=\"1acb65b\" data-element_type=\"widget\" data-widget_type=\"text-editor.default\">\n\t\t\t\t<div class=\"elementor-widget-container\">\n\t\t\t\t\t\t\t\t\t<p><b>PERCHE\u2019 QUESTO AVVISO\u00a0<\/b><\/p><p><span style=\"font-weight: 400;\">COSTER GROUP intende improntare alla massima trasparenza la gestione del proprio sito web affinch\u00e9 sia garantito il diritto di ogni utente ad essere informato e sia assicurata la correttezza del trattamento dei dati cos\u00ec come previsto dal nuovo Regolamento Europeo sulla Privacy\u00a0<\/span><\/p><p><b>IL TITOLARE DEL TRATTAMENTO<\/b><\/p><p><span style=\"font-weight: 400;\">A seguito della consultazione di questo sito possono essere trattati dati relativi a persone identificate o identificabili.<\/span><\/p><p><span style=\"font-weight: 400;\">Il Titolare del loro trattamento \u00e8 COSTER GROUP Srl, con sede in Milano (Italia), in Via San G.B. De La Salle 4\/A , 20132<\/span><\/p><p><span style=\"font-weight: 400;\">\u00a0<\/span><b>TIPOLOGIA DI DATI TRATTATI E FINALITA\u2019 DEL TRATTAMENTO<\/b><\/p><p><span style=\"font-weight: 400;\">\u00a0<\/span><span style=\"font-weight: 400;\">Dati di navigazione<\/span><\/p><p><span style=\"font-weight: 400;\">\u00a0<\/span><span style=\"font-weight: 400;\">I sistemi informatici e le procedure software preposte al funzionamento di questo sito web acquisiscono, nel corso del loro normale esercizio, alcuni dati personali la cui trasmissione \u00e8 implicita nell\u2019uso dei protocolli di comunicazione di Internet.<\/span><\/p><p><span style=\"font-weight: 400;\">\u00a0<\/span><span style=\"font-weight: 400;\">Si tratta di informazioni che non sono raccolte per essere associate a interessati identificati, ma che per loro stessa natura potrebbero, attraverso elaborazioni ed associazioni con dati detenuti da terzi, permettere di identificare gli utenti.<\/span><\/p><p><span style=\"font-weight: 400;\">\u00a0<\/span><span style=\"font-weight: 400;\">In questa categoria di dati rientrano gli indirizzi IP o i nomi a dominio dei computer utilizzati dagli utenti che si connettono al sito, gli indirizzi in notazione URI (Uniform Resource Identifier) delle risorse richieste, l\u2019orario della richiesta, il metodo utilizzato nel sottoporre la richiesta al server, la dimensione del file ottenuto in risposta, il codice numerico indicante lo stato della risposta data dal server (buon fine, errore, ecc.) ed altri parametri relativi al sistema operativo e all\u2019ambiente informatico dell\u2019utente.\u00a0<\/span><\/p><p><span style=\"font-weight: 400;\">Questi dati vengono utilizzati al solo fine di ricavare informazioni statistiche anonime sull\u2019uso del sito e per controllarne il corretto funzionamento e vengono cancellati immediatamente dopo l\u2019elaborazione. I dati potrebbero essere utilizzati per l\u2019accertamento di responsabilit\u00e0 in caso di ipotetici reati informatici ai danni del sito.<\/span><\/p><p><span style=\"font-weight: 400;\">\u00a0<\/span><span style=\"font-weight: 400;\">Per un maggiore dettaglio circa la natura e la gestione dei dati di navigazione utilizzati in questo sito si rimanda alla Cookies policy.<\/span><\/p><p><span style=\"font-weight: 400;\">\u00a0<\/span><span style=\"font-weight: 400;\">Dati personali forniti volontariamente dall\u2019utente<\/span><\/p><p><span style=\"font-weight: 400;\">\u00a0<\/span><span style=\"font-weight: 400;\">L\u2019invio facoltativo, esplicito e volontario di posta elettronica agli indirizzi indicati su questo sito comporta la successiva acquisizione dell\u2019indirizzo del mittente, necessario per rispondere alle richieste, nonch\u00e9 degli eventuali altri dati personali inseriti nella missiva.<\/span><\/p><p><span style=\"font-weight: 400;\">Il loro mancato conferimento pu\u00f2 comportare l\u2019impossibilit\u00e0 di ottenere quanto richiesto.<\/span><\/p><p><span style=\"font-weight: 400;\">\u00a0<\/span><span style=\"font-weight: 400;\">Anche l\u2019invio facoltativo di Curriculum Vitae \u00e8 riconosciuto come un consenso dato a COSTER GROUP a trattare i dati in esso contenuti per un eventuale colloquio di lavoro.<\/span><\/p><p><span style=\"font-weight: 400;\">\u00a0<\/span><span style=\"font-weight: 400;\">Qualora l\u2019utente desideri iscriversi all\u2019area riservata, il sito richiede la compilazione di un modulo ad hoc, con la richiesta di dati personali necessari all\u2019identificazione univoca del richiedente (nome utente e password). La mancata compilazione del modulo e della conferma di presa visione dell\u2019informativa impediranno l\u2019accesso ai servizi offerti nell\u2019area riservata quali visibilit\u00e0 schede prodotto e richieste di intervento.<\/span><\/p><p><span style=\"font-weight: 400;\">Nel caso di richiesta di intervento tecnico, l\u2019utente potrebbe fornire i dati di terzi presso i quali effettuare l\u2019intervento: COSTER GROUP considera l\u2019utente stesso responsabile della informativa ai terzi interessati.<\/span><\/p><p><span style=\"font-weight: 400;\">\u00a0<\/span><span style=\"font-weight: 400;\">COSTER GROUP offre agli utenti la possibilit\u00e0 di iscrizione alla newsletter chiedendo esplicito consenso dal momento che la finalit\u00e0 del trattamento \u00e8 in questo caso di tipo informativo\/commerciale.<\/span><\/p><p><span style=\"font-weight: 400;\"><strong>LUOGO e MODALITA\u2019 DI TRATTAMENTO E TEMPI DI CONSERVAZIONE DEI DATI<\/strong>\u00a0<\/span><\/p><p><span style=\"font-weight: 400;\">I dati sono trattati nella sede di COSTER GROUP con strumenti automatizzati per il tempo strettamente necessario a conseguire gli scopi per cui sono stati raccolti: 1 anno per i dati di navigazione,\u00a0 dati di accesso all\u2019area riservata e indirizzo e-mail per invio newsletter fino a disiscrizione volontaria dell\u2019interessato, 3 anni per i Curriculum Vitae.<\/span><\/p><p><span style=\"font-weight: 400;\">\u00a0<\/span><span style=\"font-weight: 400;\">Il Titolare adotta le opportune misure di sicurezza volte ad impedire all\u2019interno di COSTER GROUP l\u2019accesso, la divulgazione, la modifica o la distruzione non autorizzate dei Dati Personali.\u00a0<\/span><\/p><p><span style=\"font-weight: 400;\">Oltre al Titolare, in alcuni casi, potrebbero avere accesso ai Dati altri soggetti coinvolti nell\u2019organizzazione di COSTER GROUP (commerciale, marketing, amministratori di sistema) ovvero soggetti esterni (come fornitori di servizi tecnici terzi, agenzie di comunicazione) nominati anche, se necessario, Responsabili del Trattamento da parte del Titolare.\u00a0<\/span><\/p><p><span style=\"font-weight: 400;\">Un elenco dei Responsabili esterni autorizzati al trattamento \u00e8 tenuto costantemente aggiornato e pu\u00f2 essere comunicato su esplicita richiesta dell\u2019interessato all\u2019indirizzo e-mail <a href=\"mailto:Privacy@costergroup.eu\">Privacy@costergroup.eu<\/a>.<\/span><\/p><p><span style=\"font-weight: 400;\">\u00a0<\/span><span style=\"font-weight: 400;\">La presente informativa \u00e8 resa per il sito della COSTER GROUP\u00a0 (<a href=\"https:\/\/www.costergroup.eu\">https:\/\/www.costergroup.eu<\/a>) e non anche per altri siti web eventualmente consultati dall\u2019utente tramite link.<\/span><\/p><p><b>DIRITTI DEGLI INTERESSATI<\/b><\/p><p><span style=\"font-weight: 400;\">\u00a0<\/span><span style=\"font-weight: 400;\">Come previsto dal Regolamento Europeo 679 l\u2019Interessato ha il diritto di:<\/span><\/p><ul><li><span style=\"font-weight: 400;\"> revocare il consenso in ogni momento<\/span><\/li><li><span style=\"font-weight: 400;\"> opporsi al trattamento dei propri Dati\u00a0<\/span><\/li><li><span style=\"font-weight: 400;\"> accedere ai propri Dati e ottenerne una copia (gratuita)<\/span><\/li><li><span style=\"font-weight: 400;\"> verificare la correttezza\u00a0 e chiedere l\u2019aggiornamento o la correzione dei dati<\/span><\/li><li><span style=\"font-weight: 400;\"> richiedere la limitazione del trattamento: in tal caso CosterGroup non tratter\u00e0 i Dati per alcun altro scopo se non la loro conservazione.<\/span><\/li><li><span style=\"font-weight: 400;\"> ottenere la cancellazione o rimozione dei propri Dati Personali.\u00a0<\/span><\/li><li><span style=\"font-weight: 400;\"> ricevere i propri Dati o farli trasferire ad altro titolare<\/span><\/li><li><span style=\"font-weight: 400;\"> proporre reclamo.<\/span><\/li><\/ul><p><span style=\"font-weight: 400;\">Le richieste di esercizio dei diritti sopra riportati vanno rivolte al Titolare del trattamento dei dati per COSTER GROUP al seguente indirizzo e-mail: <a href=\"mailto:privacy@costergroup.eu\">privacy@costergroup.eu<\/a>.<\/span><\/p><p><span style=\"font-weight: 400;\">Le richieste sono evase gratuitamente nel pi\u00f9 breve tempo possibile e mai oltre 1 mese dalla ricezione.<\/span><\/p>\t\t\t\t\t\t\t\t<\/div>\n\t\t\t\t<\/div>\n\t\t\t\t\t<\/div>\n\t\t<\/div>\n\t\t\t\t\t<\/div>\n\t\t<\/section>\n\t\t\t\t<\/div>\n\t\t","protected":false},"excerpt":{"rendered":"<p>PERCHE\u2019 QUESTO AVVISO\u00a0 COSTER GROUP intende improntare alla massima trasparenza la gestione del proprio sito web affinch\u00e9 sia garantito il diritto di ogni utente ad essere informato e sia assicurata la correttezza del trattamento dei dati cos\u00ec come previsto dal nuovo Regolamento Europeo sulla Privacy\u00a0 IL TITOLARE DEL TRATTAMENTO A seguito della consultazione di questo [&hellip;]<\/p>\n","protected":false},"author":1,"featured_media":0,"parent":0,"menu_order":0,"comment_status":"closed","ping_status":"open","template":"","meta":{"_acf_changed":false,"footnotes":""},"class_list":["post-7887","page","type-page","status-publish","hentry"],"acf":[],"yoast_head":"<!-- This site is optimized with the Yoast SEO plugin v26.4 - https:\/\/yoast.com\/wordpress\/plugins\/seo\/ -->\n<title>Privacy Policy - Coster Group<\/title>\n<meta name=\"robots\" content=\"index, follow, max-snippet:-1, max-image-preview:large, max-video-preview:-1\" \/>\n<link rel=\"canonical\" href=\"https:\/\/www.costergroup.eu\/es\/privacy-policy\/\" \/>\n<meta property=\"og:locale\" content=\"es_ES\" \/>\n<meta property=\"og:type\" content=\"article\" \/>\n<meta property=\"og:title\" content=\"Privacy Policy - Coster Group\" \/>\n<meta property=\"og:description\" content=\"PERCHE\u2019 QUESTO AVVISO\u00a0 COSTER GROUP intende improntare alla massima trasparenza la gestione del proprio sito web affinch\u00e9 sia garantito il diritto di ogni utente ad essere informato e sia assicurata la correttezza del trattamento dei dati cos\u00ec come previsto dal nuovo Regolamento Europeo sulla Privacy\u00a0 IL TITOLARE DEL TRATTAMENTO A seguito della consultazione di questo [&hellip;]\" \/>\n<meta property=\"og:url\" content=\"https:\/\/www.costergroup.eu\/es\/privacy-policy\/\" \/>\n<meta property=\"og:site_name\" content=\"Coster Group\" \/>\n<meta property=\"og:image\" content=\"https:\/\/www.costergroup.eu\/wp-content\/uploads\/2025\/07\/Coster_home.jpg\" \/>\n\t<meta property=\"og:image:width\" content=\"1200\" \/>\n\t<meta property=\"og:image:height\" content=\"630\" \/>\n\t<meta property=\"og:image:type\" content=\"image\/jpeg\" \/>\n<meta name=\"twitter:card\" content=\"summary_large_image\" \/>\n<meta name=\"twitter:label1\" content=\"Est. reading time\" \/>\n\t<meta name=\"twitter:data1\" content=\"4 minutes\" \/>\n<script type=\"application\/ld+json\" class=\"yoast-schema-graph\">{\"@context\":\"https:\/\/schema.org\",\"@graph\":[{\"@type\":\"WebPage\",\"@id\":\"https:\/\/www.costergroup.eu\/es\/privacy-policy\/\",\"url\":\"https:\/\/www.costergroup.eu\/es\/privacy-policy\/\",\"name\":\"Privacy Policy - Coster Group\",\"isPartOf\":{\"@id\":\"https:\/\/www.costergroup.eu\/#website\"},\"datePublished\":\"2021-11-06T12:49:16+00:00\",\"breadcrumb\":{\"@id\":\"https:\/\/www.costergroup.eu\/es\/privacy-policy\/#breadcrumb\"},\"inLanguage\":\"es-ES\",\"potentialAction\":[{\"@type\":\"ReadAction\",\"target\":[\"https:\/\/www.costergroup.eu\/es\/privacy-policy\/\"]}]},{\"@type\":\"BreadcrumbList\",\"@id\":\"https:\/\/www.costergroup.eu\/es\/privacy-policy\/#breadcrumb\",\"itemListElement\":[{\"@type\":\"ListItem\",\"position\":1,\"name\":\"Home\",\"item\":\"https:\/\/www.costergroup.eu\/es\/\"},{\"@type\":\"ListItem\",\"position\":2,\"name\":\"Privacy Policy\"}]},{\"@type\":\"WebSite\",\"@id\":\"https:\/\/www.costergroup.eu\/#website\",\"url\":\"https:\/\/www.costergroup.eu\/\",\"name\":\"Coster Group\",\"description\":\"\",\"publisher\":{\"@id\":\"https:\/\/www.costergroup.eu\/#organization\"},\"potentialAction\":[{\"@type\":\"SearchAction\",\"target\":{\"@type\":\"EntryPoint\",\"urlTemplate\":\"https:\/\/www.costergroup.eu\/?s={search_term_string}\"},\"query-input\":{\"@type\":\"PropertyValueSpecification\",\"valueRequired\":true,\"valueName\":\"search_term_string\"}}],\"inLanguage\":\"es-ES\"},{\"@type\":\"Organization\",\"@id\":\"https:\/\/www.costergroup.eu\/#organization\",\"name\":\"Coster Group srl\",\"url\":\"https:\/\/www.costergroup.eu\/\",\"logo\":{\"@type\":\"ImageObject\",\"inLanguage\":\"es-ES\",\"@id\":\"https:\/\/www.costergroup.eu\/#\/schema\/logo\/image\/\",\"url\":\"https:\/\/www.costergroup.eu\/wp-content\/uploads\/2025\/07\/Logo_Coster_scritta.svg\",\"contentUrl\":\"https:\/\/www.costergroup.eu\/wp-content\/uploads\/2025\/07\/Logo_Coster_scritta.svg\",\"width\":1,\"height\":1,\"caption\":\"Coster Group srl\"},\"image\":{\"@id\":\"https:\/\/www.costergroup.eu\/#\/schema\/logo\/image\/\"},\"sameAs\":[\"https:\/\/www.linkedin.com\/company\/coster-tecnologie-elettroniche\",\"https:\/\/www.youtube.com\/@costergroup\"]}]}<\/script>\n<!-- \/ Yoast SEO plugin. -->","yoast_head_json":{"title":"Privacy Policy - Coster Group","robots":{"index":"index","follow":"follow","max-snippet":"max-snippet:-1","max-image-preview":"max-image-preview:large","max-video-preview":"max-video-preview:-1"},"canonical":"https:\/\/www.costergroup.eu\/es\/privacy-policy\/","og_locale":"es_ES","og_type":"article","og_title":"Privacy Policy - Coster Group","og_description":"PERCHE\u2019 QUESTO AVVISO\u00a0 COSTER GROUP intende improntare alla massima trasparenza la gestione del proprio sito web affinch\u00e9 sia garantito il diritto di ogni utente ad essere informato e sia assicurata la correttezza del trattamento dei dati cos\u00ec come previsto dal nuovo Regolamento Europeo sulla Privacy\u00a0 IL TITOLARE DEL TRATTAMENTO A seguito della consultazione di questo [&hellip;]","og_url":"https:\/\/www.costergroup.eu\/es\/privacy-policy\/","og_site_name":"Coster Group","og_image":[{"width":1200,"height":630,"url":"https:\/\/www.costergroup.eu\/wp-content\/uploads\/2025\/07\/Coster_home.jpg","type":"image\/jpeg"}],"twitter_card":"summary_large_image","twitter_misc":{"Est. reading time":"4 minutes"},"schema":{"@context":"https:\/\/schema.org","@graph":[{"@type":"WebPage","@id":"https:\/\/www.costergroup.eu\/es\/privacy-policy\/","url":"https:\/\/www.costergroup.eu\/es\/privacy-policy\/","name":"Privacy Policy - Coster Group","isPartOf":{"@id":"https:\/\/www.costergroup.eu\/#website"},"datePublished":"2021-11-06T12:49:16+00:00","breadcrumb":{"@id":"https:\/\/www.costergroup.eu\/es\/privacy-policy\/#breadcrumb"},"inLanguage":"es-ES","potentialAction":[{"@type":"ReadAction","target":["https:\/\/www.costergroup.eu\/es\/privacy-policy\/"]}]},{"@type":"BreadcrumbList","@id":"https:\/\/www.costergroup.eu\/es\/privacy-policy\/#breadcrumb","itemListElement":[{"@type":"ListItem","position":1,"name":"Home","item":"https:\/\/www.costergroup.eu\/es\/"},{"@type":"ListItem","position":2,"name":"Privacy Policy"}]},{"@type":"WebSite","@id":"https:\/\/www.costergroup.eu\/#website","url":"https:\/\/www.costergroup.eu\/","name":"Coster Group","description":"","publisher":{"@id":"https:\/\/www.costergroup.eu\/#organization"},"potentialAction":[{"@type":"SearchAction","target":{"@type":"EntryPoint","urlTemplate":"https:\/\/www.costergroup.eu\/?s={search_term_string}"},"query-input":{"@type":"PropertyValueSpecification","valueRequired":true,"valueName":"search_term_string"}}],"inLanguage":"es-ES"},{"@type":"Organization","@id":"https:\/\/www.costergroup.eu\/#organization","name":"Coster Group srl","url":"https:\/\/www.costergroup.eu\/","logo":{"@type":"ImageObject","inLanguage":"es-ES","@id":"https:\/\/www.costergroup.eu\/#\/schema\/logo\/image\/","url":"https:\/\/www.costergroup.eu\/wp-content\/uploads\/2025\/07\/Logo_Coster_scritta.svg","contentUrl":"https:\/\/www.costergroup.eu\/wp-content\/uploads\/2025\/07\/Logo_Coster_scritta.svg","width":1,"height":1,"caption":"Coster Group srl"},"image":{"@id":"https:\/\/www.costergroup.eu\/#\/schema\/logo\/image\/"},"sameAs":["https:\/\/www.linkedin.com\/company\/coster-tecnologie-elettroniche","https:\/\/www.youtube.com\/@costergroup"]}]}},"_links":{"self":[{"href":"https:\/\/www.costergroup.eu\/es\/wp-json\/wp\/v2\/pages\/7887","targetHints":{"allow":["GET"]}}],"collection":[{"href":"https:\/\/www.costergroup.eu\/es\/wp-json\/wp\/v2\/pages"}],"about":[{"href":"https:\/\/www.costergroup.eu\/es\/wp-json\/wp\/v2\/types\/page"}],"author":[{"embeddable":true,"href":"https:\/\/www.costergroup.eu\/es\/wp-json\/wp\/v2\/users\/1"}],"replies":[{"embeddable":true,"href":"https:\/\/www.costergroup.eu\/es\/wp-json\/wp\/v2\/comments?post=7887"}],"version-history":[{"count":0,"href":"https:\/\/www.costergroup.eu\/es\/wp-json\/wp\/v2\/pages\/7887\/revisions"}],"wp:attachment":[{"href":"https:\/\/www.costergroup.eu\/es\/wp-json\/wp\/v2\/media?parent=7887"}],"curies":[{"name":"wp","href":"https:\/\/api.w.org\/{rel}","templated":true}]}}