{"id":3745,"date":"2022-02-10T12:18:16","date_gmt":"2022-02-10T11:18:16","guid":{"rendered":"https:\/\/www.costergroup.eu\/case-studies\/"},"modified":"2025-11-13T21:31:17","modified_gmt":"2025-11-13T20:31:17","slug":"case-studies","status":"publish","type":"page","link":"https:\/\/www.costergroup.eu\/de\/case-studies\/","title":{"rendered":"Case Studies"},"content":{"rendered":"\t\t<div data-elementor-type=\"wp-page\" data-elementor-id=\"3745\" class=\"elementor elementor-3745 elementor-3028\" data-elementor-post-type=\"page\">\n\t\t\t\t\t\t<section class=\"elementor-section elementor-top-section elementor-element elementor-element-f1fbc27 elementor-section-height-min-height elementor-section-content-bottom elementor-section-items-bottom elementor-section-boxed elementor-section-height-default\" data-id=\"f1fbc27\" data-element_type=\"section\" data-settings=\"{&quot;background_background&quot;:&quot;classic&quot;}\">\n\t\t\t\t\t\t<div class=\"elementor-container elementor-column-gap-default\">\n\t\t\t\t\t<div class=\"elementor-column elementor-col-100 elementor-top-column elementor-element elementor-element-19bda79\" data-id=\"19bda79\" data-element_type=\"column\">\n\t\t\t<div class=\"elementor-widget-wrap elementor-element-populated\">\n\t\t\t\t\t\t<section class=\"elementor-section elementor-inner-section elementor-element elementor-element-16d07f3 rightx elementor-section-boxed elementor-section-height-default elementor-section-height-default\" data-id=\"16d07f3\" data-element_type=\"section\">\n\t\t\t\t\t\t<div class=\"elementor-container elementor-column-gap-no\">\n\t\t\t\t\t<div class=\"elementor-column elementor-col-100 elementor-inner-column elementor-element elementor-element-d897c31\" data-id=\"d897c31\" data-element_type=\"column\">\n\t\t\t<div class=\"elementor-widget-wrap elementor-element-populated\">\n\t\t\t\t\t\t<div class=\"elementor-element elementor-element-b272157 maxss elementor-widget elementor-widget-text-editor\" data-id=\"b272157\" data-element_type=\"widget\" data-widget_type=\"text-editor.default\">\n\t\t\t\t<div class=\"elementor-widget-container\">\n\t\t\t\t\t\t\t\t\t<p>Mehr als 40.000 zivile und gewerbliche Geb\u00e4ude haben unsere L\u00f6sungen bereits \u00fcbernommen<\/p>\t\t\t\t\t\t\t\t<\/div>\n\t\t\t\t<\/div>\n\t\t\t\t\t<\/div>\n\t\t<\/div>\n\t\t\t\t\t<\/div>\n\t\t<\/section>\n\t\t\t\t\t<\/div>\n\t\t<\/div>\n\t\t\t\t\t<\/div>\n\t\t<\/section>\n\t\t\t\t<section class=\"elementor-section elementor-top-section elementor-element elementor-element-11f884c elementor-section-boxed elementor-section-height-default elementor-section-height-default\" data-id=\"11f884c\" data-element_type=\"section\">\n\t\t\t\t\t\t<div class=\"elementor-container elementor-column-gap-default\">\n\t\t\t\t\t<div class=\"elementor-column elementor-col-50 elementor-top-column elementor-element elementor-element-ad8a24d\" data-id=\"ad8a24d\" data-element_type=\"column\">\n\t\t\t<div class=\"elementor-widget-wrap elementor-element-populated\">\n\t\t\t\t\t\t<div class=\"elementor-element elementor-element-2b72d8e elementor-widget elementor-widget-heading\" data-id=\"2b72d8e\" data-element_type=\"widget\" data-widget_type=\"heading.default\">\n\t\t\t\t<div class=\"elementor-widget-container\">\n\t\t\t\t\t<h2 class=\"elementor-heading-title elementor-size-default\">KATEGORIEN<\/h2>\t\t\t\t<\/div>\n\t\t\t\t<\/div>\n\t\t\t\t<div class=\"elementor-element elementor-element-3d29c39 elementor-widget elementor-widget-spacer\" data-id=\"3d29c39\" data-element_type=\"widget\" data-widget_type=\"spacer.default\">\n\t\t\t\t<div class=\"elementor-widget-container\">\n\t\t\t\t\t\t\t<div class=\"elementor-spacer\">\n\t\t\t<div class=\"elementor-spacer-inner\"><\/div>\n\t\t<\/div>\n\t\t\t\t\t\t<\/div>\n\t\t\t\t<\/div>\n\t\t\t\t<div class=\"elementor-element elementor-element-494223f listyn elementor-icon-list--layout-traditional elementor-list-item-link-full_width elementor-widget elementor-widget-icon-list\" data-id=\"494223f\" data-element_type=\"widget\" data-widget_type=\"icon-list.default\">\n\t\t\t\t<div class=\"elementor-widget-container\">\n\t\t\t\t\t\t\t<ul class=\"elementor-icon-list-items\">\n\t\t\t\t\t\t\t<li class=\"elementor-icon-list-item\">\n\t\t\t\t\t\t\t\t\t\t\t<a href=\"https:\/\/www.costergroup.eu\/de\/case-studies\/cs-building-automation\/\">\n\n\t\t\t\t\t\t\t\t\t\t\t\t<span class=\"elementor-icon-list-icon\">\n\t\t\t\t\t\t\t<i aria-hidden=\"true\" class=\"far fa-circle\"><\/i>\t\t\t\t\t\t<\/span>\n\t\t\t\t\t\t\t\t\t\t<span class=\"elementor-icon-list-text\">building automation<\/span>\n\t\t\t\t\t\t\t\t\t\t\t<\/a>\n\t\t\t\t\t\t\t\t\t<\/li>\n\t\t\t\t\t\t<\/ul>\n\t\t\t\t\t\t<\/div>\n\t\t\t\t<\/div>\n\t\t\t\t<div class=\"elementor-element elementor-element-7ee90c1 elementor-widget elementor-widget-spacer\" data-id=\"7ee90c1\" data-element_type=\"widget\" data-widget_type=\"spacer.default\">\n\t\t\t\t<div class=\"elementor-widget-container\">\n\t\t\t\t\t\t\t<div class=\"elementor-spacer\">\n\t\t\t<div class=\"elementor-spacer-inner\"><\/div>\n\t\t<\/div>\n\t\t\t\t\t\t<\/div>\n\t\t\t\t<\/div>\n\t\t\t\t<div class=\"elementor-element elementor-element-a0a0a6f listyn elementor-icon-list--layout-traditional elementor-list-item-link-full_width elementor-widget elementor-widget-icon-list\" data-id=\"a0a0a6f\" data-element_type=\"widget\" data-widget_type=\"icon-list.default\">\n\t\t\t\t<div class=\"elementor-widget-container\">\n\t\t\t\t\t\t\t<ul class=\"elementor-icon-list-items\">\n\t\t\t\t\t\t\t<li class=\"elementor-icon-list-item\">\n\t\t\t\t\t\t\t\t\t\t\t<a href=\"https:\/\/www.costergroup.eu\/de\/case-studies\/cs-monitoring\/\">\n\n\t\t\t\t\t\t\t\t\t\t\t\t<span class=\"elementor-icon-list-icon\">\n\t\t\t\t\t\t\t<i aria-hidden=\"true\" class=\"far fa-circle\"><\/i>\t\t\t\t\t\t<\/span>\n\t\t\t\t\t\t\t\t\t\t<span class=\"elementor-icon-list-text\">monitoring<\/span>\n\t\t\t\t\t\t\t\t\t\t\t<\/a>\n\t\t\t\t\t\t\t\t\t<\/li>\n\t\t\t\t\t\t<\/ul>\n\t\t\t\t\t\t<\/div>\n\t\t\t\t<\/div>\n\t\t\t\t<div class=\"elementor-element elementor-element-e2e228f elementor-widget-divider--view-line elementor-widget elementor-widget-divider\" data-id=\"e2e228f\" data-element_type=\"widget\" data-widget_type=\"divider.default\">\n\t\t\t\t<div class=\"elementor-widget-container\">\n\t\t\t\t\t\t\t<div class=\"elementor-divider\">\n\t\t\t<span class=\"elementor-divider-separator\">\n\t\t\t\t\t\t<\/span>\n\t\t<\/div>\n\t\t\t\t\t\t<\/div>\n\t\t\t\t<\/div>\n\t\t\t\t\t<\/div>\n\t\t<\/div>\n\t\t\t\t<div class=\"elementor-column elementor-col-50 elementor-top-column elementor-element elementor-element-c4fe9fc norela\" data-id=\"c4fe9fc\" data-element_type=\"column\">\n\t\t\t<div class=\"elementor-widget-wrap elementor-element-populated\">\n\t\t\t\t\t\t<div class=\"elementor-element elementor-element-e180f53 elementor-grid-2 elementor-grid-tablet-1 elementor-grid-mobile-1 elementor-widget elementor-widget-loop-grid\" data-id=\"e180f53\" data-element_type=\"widget\" data-settings=\"{&quot;template_id&quot;:8106,&quot;columns&quot;:2,&quot;columns_tablet&quot;:1,&quot;pagination_type&quot;:&quot;numbers&quot;,&quot;row_gap&quot;:{&quot;unit&quot;:&quot;px&quot;,&quot;size&quot;:10,&quot;sizes&quot;:[]},&quot;_skin&quot;:&quot;post&quot;,&quot;columns_mobile&quot;:&quot;1&quot;,&quot;edit_handle_selector&quot;:&quot;[data-elementor-type=\\&quot;loop-item\\&quot;]&quot;,&quot;pagination_load_type&quot;:&quot;page_reload&quot;,&quot;row_gap_tablet&quot;:{&quot;unit&quot;:&quot;px&quot;,&quot;size&quot;:&quot;&quot;,&quot;sizes&quot;:[]},&quot;row_gap_mobile&quot;:{&quot;unit&quot;:&quot;px&quot;,&quot;size&quot;:&quot;&quot;,&quot;sizes&quot;:[]}}\" data-widget_type=\"loop-grid.post\">\n\t\t\t\t<div class=\"elementor-widget-container\">\n\t\t\t\t\t\t\t<div class=\"e-loop-nothing-found-message\">\n\t\t\t\t\t<div class=\"e-loop-nothing-found-message__text\">\n\t\t\t\tEs scheint, als k\u00f6nnten wir nicht finden, was Sie suchen.\t\t\t<\/div>\n\t\t\t<\/div>\n\t\t\t\t\t\t<\/div>\n\t\t\t\t<\/div>\n\t\t\t\t\t<\/div>\n\t\t<\/div>\n\t\t\t\t\t<\/div>\n\t\t<\/section>\n\t\t\t\t<\/div>\n\t\t","protected":false},"excerpt":{"rendered":"<p>Mehr als 40.000 zivile und gewerbliche Geb\u00e4ude haben unsere L\u00f6sungen bereits \u00fcbernommen KATEGORIEN building automation monitoring Deporte y bienestar Edificios p\u00fablicos Espacios culturales Industria Retail y comercial Salud y sanidad Tutte<\/p>\n","protected":false},"author":1,"featured_media":7075,"parent":0,"menu_order":0,"comment_status":"closed","ping_status":"closed","template":"","meta":{"_acf_changed":false,"footnotes":""},"class_list":["post-3745","page","type-page","status-publish","has-post-thumbnail","hentry"],"acf":[],"yoast_head":"<!-- This site is optimized with the Yoast SEO plugin v26.4 - https:\/\/yoast.com\/wordpress\/plugins\/seo\/ -->\n<title>Fallstudien und Beispiele von Coster-Group-Anlagen<\/title>\n<meta name=\"description\" content=\"F\u00fcr unsere Kunden entwickelte Projekte ansehen. Entdecken Sie alle L\u00f6sungen f\u00fcr Geb\u00e4udeautomation und -monitoring von Coster Group.\" \/>\n<meta name=\"robots\" content=\"index, follow, max-snippet:-1, max-image-preview:large, max-video-preview:-1\" \/>\n<link rel=\"canonical\" href=\"https:\/\/www.costergroup.eu\/es\/case-studies\/\" \/>\n<meta property=\"og:locale\" content=\"de_DE\" \/>\n<meta property=\"og:type\" content=\"article\" \/>\n<meta property=\"og:title\" content=\"Fallstudien und Beispiele von Coster-Group-Anlagen\" \/>\n<meta property=\"og:description\" content=\"F\u00fcr unsere Kunden entwickelte Projekte ansehen. Entdecken Sie alle L\u00f6sungen f\u00fcr Geb\u00e4udeautomation und -monitoring von Coster Group.\" \/>\n<meta property=\"og:url\" content=\"https:\/\/www.costergroup.eu\/es\/case-studies\/\" \/>\n<meta property=\"og:site_name\" content=\"Coster Group\" \/>\n<meta property=\"article:modified_time\" content=\"2025-11-13T20:31:17+00:00\" \/>\n<meta property=\"og:image\" content=\"https:\/\/www.costergroup.eu\/wp-content\/uploads\/2025\/07\/Coster-case-studies.jpg\" \/>\n\t<meta property=\"og:image:width\" content=\"1200\" \/>\n\t<meta property=\"og:image:height\" content=\"630\" \/>\n\t<meta property=\"og:image:type\" content=\"image\/jpeg\" \/>\n<meta name=\"twitter:card\" content=\"summary_large_image\" \/>\n<meta name=\"twitter:label1\" content=\"Gesch\u00e4tzte Lesezeit\" \/>\n\t<meta name=\"twitter:data1\" content=\"1\u00a0Minute\" \/>\n<script type=\"application\/ld+json\" class=\"yoast-schema-graph\">{\"@context\":\"https:\/\/schema.org\",\"@graph\":[{\"@type\":\"WebPage\",\"@id\":\"https:\/\/www.costergroup.eu\/es\/case-studies\/\",\"url\":\"https:\/\/www.costergroup.eu\/es\/case-studies\/\",\"name\":\"Fallstudien und Beispiele von Coster-Group-Anlagen\",\"isPartOf\":{\"@id\":\"https:\/\/www.costergroup.eu\/#website\"},\"primaryImageOfPage\":{\"@id\":\"https:\/\/www.costergroup.eu\/es\/case-studies\/#primaryimage\"},\"image\":{\"@id\":\"https:\/\/www.costergroup.eu\/es\/case-studies\/#primaryimage\"},\"thumbnailUrl\":\"https:\/\/www.costergroup.eu\/wp-content\/uploads\/2025\/07\/Coster-case-studies.jpg\",\"datePublished\":\"2022-02-10T11:18:16+00:00\",\"dateModified\":\"2025-11-13T20:31:17+00:00\",\"description\":\"F\u00fcr unsere Kunden entwickelte Projekte ansehen. Entdecken Sie alle L\u00f6sungen f\u00fcr Geb\u00e4udeautomation und -monitoring von Coster Group.\",\"breadcrumb\":{\"@id\":\"https:\/\/www.costergroup.eu\/es\/case-studies\/#breadcrumb\"},\"inLanguage\":\"de\",\"potentialAction\":[{\"@type\":\"ReadAction\",\"target\":[\"https:\/\/www.costergroup.eu\/es\/case-studies\/\"]}]},{\"@type\":\"ImageObject\",\"inLanguage\":\"de\",\"@id\":\"https:\/\/www.costergroup.eu\/es\/case-studies\/#primaryimage\",\"url\":\"https:\/\/www.costergroup.eu\/wp-content\/uploads\/2025\/07\/Coster-case-studies.jpg\",\"contentUrl\":\"https:\/\/www.costergroup.eu\/wp-content\/uploads\/2025\/07\/Coster-case-studies.jpg\",\"width\":1200,\"height\":630},{\"@type\":\"BreadcrumbList\",\"@id\":\"https:\/\/www.costergroup.eu\/es\/case-studies\/#breadcrumb\",\"itemListElement\":[{\"@type\":\"ListItem\",\"position\":1,\"name\":\"Home\",\"item\":\"https:\/\/www.costergroup.eu\/es\/\"},{\"@type\":\"ListItem\",\"position\":2,\"name\":\"Case Studies\"}]},{\"@type\":\"WebSite\",\"@id\":\"https:\/\/www.costergroup.eu\/#website\",\"url\":\"https:\/\/www.costergroup.eu\/\",\"name\":\"Coster Group\",\"description\":\"\",\"publisher\":{\"@id\":\"https:\/\/www.costergroup.eu\/#organization\"},\"potentialAction\":[{\"@type\":\"SearchAction\",\"target\":{\"@type\":\"EntryPoint\",\"urlTemplate\":\"https:\/\/www.costergroup.eu\/?s={search_term_string}\"},\"query-input\":{\"@type\":\"PropertyValueSpecification\",\"valueRequired\":true,\"valueName\":\"search_term_string\"}}],\"inLanguage\":\"de\"},{\"@type\":\"Organization\",\"@id\":\"https:\/\/www.costergroup.eu\/#organization\",\"name\":\"Coster Group srl\",\"url\":\"https:\/\/www.costergroup.eu\/\",\"logo\":{\"@type\":\"ImageObject\",\"inLanguage\":\"de\",\"@id\":\"https:\/\/www.costergroup.eu\/#\/schema\/logo\/image\/\",\"url\":\"https:\/\/www.costergroup.eu\/wp-content\/uploads\/2025\/07\/Logo_Coster_scritta.svg\",\"contentUrl\":\"https:\/\/www.costergroup.eu\/wp-content\/uploads\/2025\/07\/Logo_Coster_scritta.svg\",\"width\":1,\"height\":1,\"caption\":\"Coster Group srl\"},\"image\":{\"@id\":\"https:\/\/www.costergroup.eu\/#\/schema\/logo\/image\/\"},\"sameAs\":[\"https:\/\/www.linkedin.com\/company\/coster-tecnologie-elettroniche\",\"https:\/\/www.youtube.com\/@costergroup\"]}]}<\/script>\n<!-- \/ Yoast SEO plugin. -->","yoast_head_json":{"title":"Fallstudien und Beispiele von Coster-Group-Anlagen","description":"F\u00fcr unsere Kunden entwickelte Projekte ansehen. Entdecken Sie alle L\u00f6sungen f\u00fcr Geb\u00e4udeautomation und -monitoring von Coster Group.","robots":{"index":"index","follow":"follow","max-snippet":"max-snippet:-1","max-image-preview":"max-image-preview:large","max-video-preview":"max-video-preview:-1"},"canonical":"https:\/\/www.costergroup.eu\/es\/case-studies\/","og_locale":"de_DE","og_type":"article","og_title":"Fallstudien und Beispiele von Coster-Group-Anlagen","og_description":"F\u00fcr unsere Kunden entwickelte Projekte ansehen. Entdecken Sie alle L\u00f6sungen f\u00fcr Geb\u00e4udeautomation und -monitoring von Coster Group.","og_url":"https:\/\/www.costergroup.eu\/es\/case-studies\/","og_site_name":"Coster Group","article_modified_time":"2025-11-13T20:31:17+00:00","og_image":[{"width":1200,"height":630,"url":"https:\/\/www.costergroup.eu\/wp-content\/uploads\/2025\/07\/Coster-case-studies.jpg","type":"image\/jpeg"}],"twitter_card":"summary_large_image","twitter_misc":{"Gesch\u00e4tzte Lesezeit":"1\u00a0Minute"},"schema":{"@context":"https:\/\/schema.org","@graph":[{"@type":"WebPage","@id":"https:\/\/www.costergroup.eu\/es\/case-studies\/","url":"https:\/\/www.costergroup.eu\/es\/case-studies\/","name":"Fallstudien und Beispiele von Coster-Group-Anlagen","isPartOf":{"@id":"https:\/\/www.costergroup.eu\/#website"},"primaryImageOfPage":{"@id":"https:\/\/www.costergroup.eu\/es\/case-studies\/#primaryimage"},"image":{"@id":"https:\/\/www.costergroup.eu\/es\/case-studies\/#primaryimage"},"thumbnailUrl":"https:\/\/www.costergroup.eu\/wp-content\/uploads\/2025\/07\/Coster-case-studies.jpg","datePublished":"2022-02-10T11:18:16+00:00","dateModified":"2025-11-13T20:31:17+00:00","description":"F\u00fcr unsere Kunden entwickelte Projekte ansehen. Entdecken Sie alle L\u00f6sungen f\u00fcr Geb\u00e4udeautomation und -monitoring von Coster Group.","breadcrumb":{"@id":"https:\/\/www.costergroup.eu\/es\/case-studies\/#breadcrumb"},"inLanguage":"de","potentialAction":[{"@type":"ReadAction","target":["https:\/\/www.costergroup.eu\/es\/case-studies\/"]}]},{"@type":"ImageObject","inLanguage":"de","@id":"https:\/\/www.costergroup.eu\/es\/case-studies\/#primaryimage","url":"https:\/\/www.costergroup.eu\/wp-content\/uploads\/2025\/07\/Coster-case-studies.jpg","contentUrl":"https:\/\/www.costergroup.eu\/wp-content\/uploads\/2025\/07\/Coster-case-studies.jpg","width":1200,"height":630},{"@type":"BreadcrumbList","@id":"https:\/\/www.costergroup.eu\/es\/case-studies\/#breadcrumb","itemListElement":[{"@type":"ListItem","position":1,"name":"Home","item":"https:\/\/www.costergroup.eu\/es\/"},{"@type":"ListItem","position":2,"name":"Case Studies"}]},{"@type":"WebSite","@id":"https:\/\/www.costergroup.eu\/#website","url":"https:\/\/www.costergroup.eu\/","name":"Coster Group","description":"","publisher":{"@id":"https:\/\/www.costergroup.eu\/#organization"},"potentialAction":[{"@type":"SearchAction","target":{"@type":"EntryPoint","urlTemplate":"https:\/\/www.costergroup.eu\/?s={search_term_string}"},"query-input":{"@type":"PropertyValueSpecification","valueRequired":true,"valueName":"search_term_string"}}],"inLanguage":"de"},{"@type":"Organization","@id":"https:\/\/www.costergroup.eu\/#organization","name":"Coster Group srl","url":"https:\/\/www.costergroup.eu\/","logo":{"@type":"ImageObject","inLanguage":"de","@id":"https:\/\/www.costergroup.eu\/#\/schema\/logo\/image\/","url":"https:\/\/www.costergroup.eu\/wp-content\/uploads\/2025\/07\/Logo_Coster_scritta.svg","contentUrl":"https:\/\/www.costergroup.eu\/wp-content\/uploads\/2025\/07\/Logo_Coster_scritta.svg","width":1,"height":1,"caption":"Coster Group srl"},"image":{"@id":"https:\/\/www.costergroup.eu\/#\/schema\/logo\/image\/"},"sameAs":["https:\/\/www.linkedin.com\/company\/coster-tecnologie-elettroniche","https:\/\/www.youtube.com\/@costergroup"]}]}},"_links":{"self":[{"href":"https:\/\/www.costergroup.eu\/de\/wp-json\/wp\/v2\/pages\/3745","targetHints":{"allow":["GET"]}}],"collection":[{"href":"https:\/\/www.costergroup.eu\/de\/wp-json\/wp\/v2\/pages"}],"about":[{"href":"https:\/\/www.costergroup.eu\/de\/wp-json\/wp\/v2\/types\/page"}],"author":[{"embeddable":true,"href":"https:\/\/www.costergroup.eu\/de\/wp-json\/wp\/v2\/users\/1"}],"replies":[{"embeddable":true,"href":"https:\/\/www.costergroup.eu\/de\/wp-json\/wp\/v2\/comments?post=3745"}],"version-history":[{"count":9,"href":"https:\/\/www.costergroup.eu\/de\/wp-json\/wp\/v2\/pages\/3745\/revisions"}],"predecessor-version":[{"id":8152,"href":"https:\/\/www.costergroup.eu\/de\/wp-json\/wp\/v2\/pages\/3745\/revisions\/8152"}],"wp:featuredmedia":[{"embeddable":true,"href":"https:\/\/www.costergroup.eu\/de\/wp-json\/wp\/v2\/media\/7075"}],"wp:attachment":[{"href":"https:\/\/www.costergroup.eu\/de\/wp-json\/wp\/v2\/media?parent=3745"}],"curies":[{"name":"wp","href":"https:\/\/api.w.org\/{rel}","templated":true}]}}