{"id":2768,"date":"2021-11-06T12:49:16","date_gmt":"2021-11-06T12:49:16","guid":{"rendered":"https:\/\/www.costergroup.eu\/privacy-policy\/"},"modified":"2022-03-07T19:17:35","modified_gmt":"2022-03-07T18:17:35","slug":"datenschutz","status":"publish","type":"page","link":"https:\/\/www.costergroup.eu\/de\/datenschutz\/","title":{"rendered":"Datenschutz- bestimmungen"},"content":{"rendered":"\t\t<div data-elementor-type=\"wp-page\" data-elementor-id=\"2768\" class=\"elementor elementor-2768 elementor-3\" data-elementor-post-type=\"page\">\n\t\t\t\t\t\t<section class=\"elementor-section elementor-top-section elementor-element elementor-element-8e778fa elementor-section-height-min-height elementor-section-content-bottom elementor-section-items-bottom elementor-section-boxed elementor-section-height-default\" data-id=\"8e778fa\" data-element_type=\"section\" data-settings=\"{&quot;background_background&quot;:&quot;classic&quot;}\">\n\t\t\t\t\t\t<div class=\"elementor-container elementor-column-gap-default\">\n\t\t\t\t\t<div class=\"elementor-column elementor-col-100 elementor-top-column elementor-element elementor-element-205a86e\" data-id=\"205a86e\" data-element_type=\"column\">\n\t\t\t<div class=\"elementor-widget-wrap elementor-element-populated\">\n\t\t\t\t\t\t<section class=\"elementor-section elementor-inner-section elementor-element elementor-element-e455969 rightx elementor-section-boxed elementor-section-height-default elementor-section-height-default\" data-id=\"e455969\" data-element_type=\"section\">\n\t\t\t\t\t\t<div class=\"elementor-container elementor-column-gap-no\">\n\t\t\t\t\t<div class=\"elementor-column elementor-col-100 elementor-inner-column elementor-element elementor-element-f7a55e6\" data-id=\"f7a55e6\" data-element_type=\"column\">\n\t\t\t<div class=\"elementor-widget-wrap elementor-element-populated\">\n\t\t\t\t\t\t\t<\/div>\n\t\t<\/div>\n\t\t\t\t\t<\/div>\n\t\t<\/section>\n\t\t\t\t\t<\/div>\n\t\t<\/div>\n\t\t\t\t\t<\/div>\n\t\t<\/section>\n\t\t\t\t<section class=\"elementor-section elementor-top-section elementor-element elementor-element-9d6588b elementor-section-boxed elementor-section-height-default elementor-section-height-default\" data-id=\"9d6588b\" data-element_type=\"section\">\n\t\t\t\t\t\t<div class=\"elementor-container elementor-column-gap-default\">\n\t\t\t\t\t<div class=\"elementor-column elementor-col-100 elementor-top-column elementor-element elementor-element-5dd3733\" data-id=\"5dd3733\" data-element_type=\"column\">\n\t\t\t<div class=\"elementor-widget-wrap elementor-element-populated\">\n\t\t\t\t\t\t<div class=\"elementor-element elementor-element-1acb65b str elementor-widget elementor-widget-text-editor\" data-id=\"1acb65b\" data-element_type=\"widget\" data-widget_type=\"text-editor.default\">\n\t\t\t\t<div class=\"elementor-widget-container\">\n\t\t\t\t\t\t\t\t\t<p><strong>WARUM DIESER HINWEIS\u00a0<\/strong><\/p><p>Die COSTER GROUP beabsichtigt, ihre Website so transparent wie m\u00f6glich zu verwalten, damit das Recht der Nutzer auf Information gewahrt ist und eine Datenverarbeitung in \u00dcbereinstimmung mit der neuen europ\u00e4ischen Datenschutzverordnung gew\u00e4hrleistet werden kann\u00a0<\/p><p><strong>DER F\u00dcR DIE DATENVERARBEITUNG VERANTWORTLICHE<\/strong><\/p><p>Im Anschluss an die Konsultation dieser Website k\u00f6nnen Daten verarbeitet werden, die sich auf identifizierte oder identifizierbare Personen beziehen.<\/p><p>Der f\u00fcr die Datenverarbeitung Verantwortliche ist die COSTER GROUP Srl, mit Sitz in Mailand (Italien), Via San G.B. De La Salle 4\/A , 20132 Mailand<\/p><p>\u00a0<strong>ART DER VERARBEITETEN DATEN UND ZWECK DER VERARBEITUNG<\/strong><\/p><p>\u00a0Navigationsdaten<\/p><p>\u00a0Die f\u00fcr den Betrieb dieser Website verwendeten Computersysteme und Softwareverfahren erfassen w\u00e4hrend ihres normalen Betriebs einige personenbezogene Daten, deren \u00dcbermittlung bei der Verwendung von Internet-Kommunikationsprotokollen implizit ist.<\/p><p>\u00a0Diese Informationen werden nicht gesammelt, um mit identifizierten Nutzern in Verbindung gebracht zu werden, sondern k\u00f6nnten aufgrund ihrer Beschaffenheit und durch die Verarbeitung und Verkn\u00fcpfung mit Daten, die sich im Besitz Dritter befinden, eine Identifizierung der Nutzer erm\u00f6glichen.<\/p><p>\u00a0Zu dieser Datenkategorie geh\u00f6ren die IP-Adressen oder die Dom\u00e4nennamen der Computer, die von den Nutzern verwendet werden, welche die Website besuchen, die URI-Adressen (Uniform Resource Identifier) der angeforderten Ressourcen, die Uhrzeit der Anfrage, die Methode, die zur \u00dcbermittlung der Anfrage an den Server verwendet wurde, die Gr\u00f6\u00dfe der als Antwort erhaltenen Datei, der Zahlencode, der den Status der vom Server gegebenen Antwort angibt (erfolgreich, Fehler usw.) und andere Parameter, die sich auf das Betriebssystem und die Computerumgebung des Nutzers beziehen.\u00a0<\/p><p>Diese Daten werden ausschlie\u00dflich dazu verwendet, um anonyme statistische Informationen \u00fcber die Nutzung der Website zu erhalten und ihr ordnungsgem\u00e4\u00dfes Funktionieren zu \u00fcberpr\u00fcfen, und werden nach der Verarbeitung sofort gel\u00f6scht. Die Daten k\u00f6nnten verwendet werden, um Verantwortlichkeiten im Falle hypothetischer Computerverbrechen gegen die Website festzustellen.<\/p><p>\u00a0Weitere Einzelheiten \u00fcber die Art und Handhabung der auf dieser Website verwendeten Navigationsdaten sind in der Cookie-Richtlinie zu finden.<\/p><p>\u00a0Vom Nutzer freiwillig zur Verf\u00fcgung gestellte personenbezogene Daten<\/p><p>\u00a0Die fakultative, ausdr\u00fcckliche und freiwillige Zusendung von E-Mails an die auf dieser Website angegebenen Adressen hat zur Folge, dass die Adresse des Absenders, die zur Beantwortung von Anfragen erforderlich ist, sowie alle anderen in der Nachricht enthaltenen personenbezogenen Daten erfasst werden.<\/p><p>Werden diese Angaben nicht gemacht, kann es sein, dass das Erbetene nicht erhalten werden kann.<\/p><p>\u00a0Auch die freiwillige Einsendung eines Lebenslaufs wird ebenfalls als Zustimmung zur Verarbeitung der darin enthaltenen Daten durch die COSTER GROUP f\u00fcr ein m\u00f6gliches Vorstellungsgespr\u00e4ch gewertet.<\/p><p>\u00a0Wenn sich der Nutzer im reservierten Bereich anmelden m\u00f6chte, muss er ein eigens daf\u00fcr vorgesehenes Formular ausf\u00fcllen, in dem die zur eindeutigen Identifizierung des Antragstellers erforderlichen personenbezogenen Daten (Benutzername und Passwort) abgefragt werden. Wird das Formular nicht ausf\u00fcllt und best\u00e4tigt man nicht, dass man das Informationsschreiben gelesen hat, erh\u00e4lt man keinen Zugang zu den im reservierten Bereich angebotenen Diensten, wie z. B. die Einsichtnahme in die Produktdatenbl\u00e4tter und die Anforderung von Unterst\u00fctzung.<\/p><p>Bei der Anfrage eines technischen Eingriffs kann der Nutzer die Daten von Dritten angeben, bei denen der Eingriff vorgenommen werden soll: F\u00fcr die COSTER GRUPPE ist der Nutzer im Hinblick auf das Informationsschreiben und betroffene Dritte verantwortlich.<\/p><p>\u00a0Die COSTER GROUP bietet den Nutzern die M\u00f6glichkeit, sich f\u00fcr den Newsletter anzumelden, indem eine ausdr\u00fcckliche Zustimmung eingeholt wird, da der Zweck der Verarbeitung in diesem Fall informativ\/kommerziell ist.<\/p><p><strong>ORT und METHODEN DER DATENVERARBEITUNG UND DAUER DER DATENSPEICHERUNG<\/strong>\u00a0<\/p><p>Die Daten werden am Unternehmenssitz der COSTER GROUP mit Hilfe automatisierter Instrumente so lange verarbeitet, wie es f\u00fcr die Erreichung der Zwecke, f\u00fcr die sie erhoben wurden, unbedingt erforderlich ist: 1 Jahr f\u00fcr Navigationsdaten, die Daten f\u00fcr den Zugang zum reservierten Bereich und die E-Mail-Adresse f\u00fcr die Zusendung von Newslettern, bis der Betroffene sich freiwillig abmeldet, 3 Jahre f\u00fcr Lebensl\u00e4ufe.<\/p><p>\u00a0Der Verantwortliche ergreift angemessene Sicherheitsma\u00dfnahmen, um den unbefugten Zugriff, die Verbreitung, \u00c4nderung oder Zerst\u00f6rung personenbezogener Daten innerhalb der COSTER GROUP zu verhindern.\u00a0<\/p><p>Neben dem Verantwortlichen k\u00f6nnen in einigen F\u00e4llen auch andere Personen, die in die Organisation der COSTER GRUPPE eingebunden sind (Vertrieb, Marketing, Systemadministratoren), oder externe Parteien (z. B. externe technische Dienstleister, Kommunikationsagenturen), die gegebenenfalls vom Verantwortlichen als Datenverarbeiter eingesetzt werden, Zugang zu den Daten haben.\u00a0<\/p><p>Eine Liste der zugelassenen externen Datenverarbeiter wird st\u00e4ndig auf dem neusten Stand gehalten und kann auf ausdr\u00fccklichen Wunsch des Betroffenen mitgeteilt werden, der an die E-Mail-Adresse\u00a0<a href=\"mailto:Privacy@costergroup.eu\">Privacy@costergroup.eu<\/a> zu richten ist.<\/p><p>\u00a0Dieses Informationsschreiben gilt f\u00fcr die Website der COSTER GROUP\u00a0(<a href=\"https:\/\/www.costergroup.eu\/\">https:\/\/www.costergroup.eu<\/a>) und nicht f\u00fcr andere Websites, die der Nutzer \u00fcber Links aufrufen kann.<\/p><p><strong>RECHTE DER BETROFFENEN PERSONEN<\/strong><\/p><p>\u00a0Wie in der europ\u00e4ischen Verordnung 679 vorgesehen, hat die betroffene Person das Recht darauf:<\/p><ul><li>die Zustimmung jederzeit zu widerrufen<\/li><li>einer Verarbeitung der eigenen Daten zu widersprechen\u00a0<\/li><li>Zugriff auf die eigenen Daten und eine Kopie zu erhalten (kostenlos)<\/li><li>die Richtigkeit der Daten zu \u00fcberpr\u00fcfen und ihre Aktualisierung oder Berichtigung zu verlangen<\/li><li>eine eingeschr\u00e4nkte Verarbeitung zu verlangen: in diesem Fall wird die CosterGroup die Daten nur zum Zwecke der Aufbewahrung (Speicherung) verarbeiten<\/li><li>die L\u00f6schung oder Entfernung der eigenen personenbezogenen Daten zu erwirken\u00a0<\/li><li>die eigenen Daten zu erhalten oder an einen anderen Verantwortlichen zu \u00fcbertragen<\/li><li>eine Beschwerde einzureichen.<\/li><\/ul><p>Antr\u00e4ge auf Aus\u00fcbung der oben genannten Rechte sind an den Verantwortlichen der Datenverarbeitung bei der COSTER GROUP an die folgende E-Mail-Adresse zu richten:\u00a0<a href=\"mailto:privacy@costergroup.eu\">privacy@costergroup.eu<\/a>.<\/p><p>Die Antr\u00e4ge werden so schnell wie m\u00f6glich und kostenlos bearbeitet, jedoch nie l\u00e4nger als einen Monat nach ihrem Eingang.<\/p>\t\t\t\t\t\t\t\t<\/div>\n\t\t\t\t<\/div>\n\t\t\t\t\t<\/div>\n\t\t<\/div>\n\t\t\t\t\t<\/div>\n\t\t<\/section>\n\t\t\t\t<\/div>\n\t\t","protected":false},"excerpt":{"rendered":"<p>WARUM DIESER HINWEIS\u00a0 Die COSTER GROUP beabsichtigt, ihre Website so transparent wie m\u00f6glich zu verwalten, damit das Recht der Nutzer auf Information gewahrt ist und eine Datenverarbeitung in \u00dcbereinstimmung mit der neuen europ\u00e4ischen Datenschutzverordnung gew\u00e4hrleistet werden kann DER F\u00dcR DIE DATENVERARBEITUNG VERANTWORTLICHE Im Anschluss an die Konsultation dieser Website k\u00f6nnen Daten verarbeitet werden, die sich [&hellip;]<\/p>\n","protected":false},"author":1,"featured_media":0,"parent":0,"menu_order":0,"comment_status":"closed","ping_status":"open","template":"","meta":{"_acf_changed":false,"footnotes":""},"class_list":["post-2768","page","type-page","status-publish","hentry"],"acf":[],"yoast_head":"<!-- This site is optimized with the Yoast SEO plugin v26.4 - https:\/\/yoast.com\/wordpress\/plugins\/seo\/ -->\n<title>Datenschutzbestimmungen<\/title>\n<meta name=\"robots\" content=\"noindex, nofollow\" \/>\n<meta property=\"og:locale\" content=\"de_DE\" \/>\n<meta property=\"og:type\" content=\"article\" \/>\n<meta property=\"og:title\" content=\"Datenschutzbestimmungen\" \/>\n<meta property=\"og:description\" content=\"WARUM DIESER HINWEIS\u00a0 Die COSTER GROUP beabsichtigt, ihre Website so transparent wie m\u00f6glich zu verwalten, damit das Recht der Nutzer auf Information gewahrt ist und eine Datenverarbeitung in \u00dcbereinstimmung mit der neuen europ\u00e4ischen Datenschutzverordnung gew\u00e4hrleistet werden kann DER F\u00dcR DIE DATENVERARBEITUNG VERANTWORTLICHE Im Anschluss an die Konsultation dieser Website k\u00f6nnen Daten verarbeitet werden, die sich [&hellip;]\" \/>\n<meta property=\"og:url\" content=\"https:\/\/www.costergroup.eu\/de\/datenschutz\/\" \/>\n<meta property=\"og:site_name\" content=\"Coster Group\" \/>\n<meta property=\"article:modified_time\" content=\"2022-03-07T18:17:35+00:00\" \/>\n<meta property=\"og:image\" content=\"https:\/\/www.costergroup.eu\/wp-content\/uploads\/2025\/07\/Coster_home.jpg\" \/>\n\t<meta property=\"og:image:width\" content=\"1200\" \/>\n\t<meta property=\"og:image:height\" content=\"630\" \/>\n\t<meta property=\"og:image:type\" content=\"image\/jpeg\" \/>\n<meta name=\"twitter:card\" content=\"summary_large_image\" \/>\n<meta name=\"twitter:label1\" content=\"Gesch\u00e4tzte Lesezeit\" \/>\n\t<meta name=\"twitter:data1\" content=\"5\u00a0Minuten\" \/>\n<script type=\"application\/ld+json\" class=\"yoast-schema-graph\">{\"@context\":\"https:\/\/schema.org\",\"@graph\":[{\"@type\":\"WebPage\",\"@id\":\"https:\/\/www.costergroup.eu\/de\/datenschutz\/\",\"url\":\"https:\/\/www.costergroup.eu\/de\/datenschutz\/\",\"name\":\"Datenschutzbestimmungen\",\"isPartOf\":{\"@id\":\"https:\/\/www.costergroup.eu\/#website\"},\"datePublished\":\"2021-11-06T12:49:16+00:00\",\"dateModified\":\"2022-03-07T18:17:35+00:00\",\"breadcrumb\":{\"@id\":\"https:\/\/www.costergroup.eu\/de\/datenschutz\/#breadcrumb\"},\"inLanguage\":\"de\",\"potentialAction\":[{\"@type\":\"ReadAction\",\"target\":[\"https:\/\/www.costergroup.eu\/de\/datenschutz\/\"]}]},{\"@type\":\"BreadcrumbList\",\"@id\":\"https:\/\/www.costergroup.eu\/de\/datenschutz\/#breadcrumb\",\"itemListElement\":[{\"@type\":\"ListItem\",\"position\":1,\"name\":\"Home\",\"item\":\"https:\/\/www.costergroup.eu\/es\/\"},{\"@type\":\"ListItem\",\"position\":2,\"name\":\"Datenschutz- bestimmungen\"}]},{\"@type\":\"WebSite\",\"@id\":\"https:\/\/www.costergroup.eu\/#website\",\"url\":\"https:\/\/www.costergroup.eu\/\",\"name\":\"Coster Group\",\"description\":\"\",\"publisher\":{\"@id\":\"https:\/\/www.costergroup.eu\/#organization\"},\"potentialAction\":[{\"@type\":\"SearchAction\",\"target\":{\"@type\":\"EntryPoint\",\"urlTemplate\":\"https:\/\/www.costergroup.eu\/?s={search_term_string}\"},\"query-input\":{\"@type\":\"PropertyValueSpecification\",\"valueRequired\":true,\"valueName\":\"search_term_string\"}}],\"inLanguage\":\"de\"},{\"@type\":\"Organization\",\"@id\":\"https:\/\/www.costergroup.eu\/#organization\",\"name\":\"Coster Group srl\",\"url\":\"https:\/\/www.costergroup.eu\/\",\"logo\":{\"@type\":\"ImageObject\",\"inLanguage\":\"de\",\"@id\":\"https:\/\/www.costergroup.eu\/#\/schema\/logo\/image\/\",\"url\":\"https:\/\/www.costergroup.eu\/wp-content\/uploads\/2025\/07\/Logo_Coster_scritta.svg\",\"contentUrl\":\"https:\/\/www.costergroup.eu\/wp-content\/uploads\/2025\/07\/Logo_Coster_scritta.svg\",\"width\":1,\"height\":1,\"caption\":\"Coster Group srl\"},\"image\":{\"@id\":\"https:\/\/www.costergroup.eu\/#\/schema\/logo\/image\/\"},\"sameAs\":[\"https:\/\/www.linkedin.com\/company\/coster-tecnologie-elettroniche\",\"https:\/\/www.youtube.com\/@costergroup\"]}]}<\/script>\n<!-- \/ Yoast SEO plugin. -->","yoast_head_json":{"title":"Datenschutzbestimmungen","robots":{"index":"noindex","follow":"nofollow"},"og_locale":"de_DE","og_type":"article","og_title":"Datenschutzbestimmungen","og_description":"WARUM DIESER HINWEIS\u00a0 Die COSTER GROUP beabsichtigt, ihre Website so transparent wie m\u00f6glich zu verwalten, damit das Recht der Nutzer auf Information gewahrt ist und eine Datenverarbeitung in \u00dcbereinstimmung mit der neuen europ\u00e4ischen Datenschutzverordnung gew\u00e4hrleistet werden kann DER F\u00dcR DIE DATENVERARBEITUNG VERANTWORTLICHE Im Anschluss an die Konsultation dieser Website k\u00f6nnen Daten verarbeitet werden, die sich [&hellip;]","og_url":"https:\/\/www.costergroup.eu\/de\/datenschutz\/","og_site_name":"Coster Group","article_modified_time":"2022-03-07T18:17:35+00:00","og_image":[{"width":1200,"height":630,"url":"https:\/\/www.costergroup.eu\/wp-content\/uploads\/2025\/07\/Coster_home.jpg","type":"image\/jpeg"}],"twitter_card":"summary_large_image","twitter_misc":{"Gesch\u00e4tzte Lesezeit":"5\u00a0Minuten"},"schema":{"@context":"https:\/\/schema.org","@graph":[{"@type":"WebPage","@id":"https:\/\/www.costergroup.eu\/de\/datenschutz\/","url":"https:\/\/www.costergroup.eu\/de\/datenschutz\/","name":"Datenschutzbestimmungen","isPartOf":{"@id":"https:\/\/www.costergroup.eu\/#website"},"datePublished":"2021-11-06T12:49:16+00:00","dateModified":"2022-03-07T18:17:35+00:00","breadcrumb":{"@id":"https:\/\/www.costergroup.eu\/de\/datenschutz\/#breadcrumb"},"inLanguage":"de","potentialAction":[{"@type":"ReadAction","target":["https:\/\/www.costergroup.eu\/de\/datenschutz\/"]}]},{"@type":"BreadcrumbList","@id":"https:\/\/www.costergroup.eu\/de\/datenschutz\/#breadcrumb","itemListElement":[{"@type":"ListItem","position":1,"name":"Home","item":"https:\/\/www.costergroup.eu\/es\/"},{"@type":"ListItem","position":2,"name":"Datenschutz- bestimmungen"}]},{"@type":"WebSite","@id":"https:\/\/www.costergroup.eu\/#website","url":"https:\/\/www.costergroup.eu\/","name":"Coster Group","description":"","publisher":{"@id":"https:\/\/www.costergroup.eu\/#organization"},"potentialAction":[{"@type":"SearchAction","target":{"@type":"EntryPoint","urlTemplate":"https:\/\/www.costergroup.eu\/?s={search_term_string}"},"query-input":{"@type":"PropertyValueSpecification","valueRequired":true,"valueName":"search_term_string"}}],"inLanguage":"de"},{"@type":"Organization","@id":"https:\/\/www.costergroup.eu\/#organization","name":"Coster Group srl","url":"https:\/\/www.costergroup.eu\/","logo":{"@type":"ImageObject","inLanguage":"de","@id":"https:\/\/www.costergroup.eu\/#\/schema\/logo\/image\/","url":"https:\/\/www.costergroup.eu\/wp-content\/uploads\/2025\/07\/Logo_Coster_scritta.svg","contentUrl":"https:\/\/www.costergroup.eu\/wp-content\/uploads\/2025\/07\/Logo_Coster_scritta.svg","width":1,"height":1,"caption":"Coster Group srl"},"image":{"@id":"https:\/\/www.costergroup.eu\/#\/schema\/logo\/image\/"},"sameAs":["https:\/\/www.linkedin.com\/company\/coster-tecnologie-elettroniche","https:\/\/www.youtube.com\/@costergroup"]}]}},"_links":{"self":[{"href":"https:\/\/www.costergroup.eu\/de\/wp-json\/wp\/v2\/pages\/2768","targetHints":{"allow":["GET"]}}],"collection":[{"href":"https:\/\/www.costergroup.eu\/de\/wp-json\/wp\/v2\/pages"}],"about":[{"href":"https:\/\/www.costergroup.eu\/de\/wp-json\/wp\/v2\/types\/page"}],"author":[{"embeddable":true,"href":"https:\/\/www.costergroup.eu\/de\/wp-json\/wp\/v2\/users\/1"}],"replies":[{"embeddable":true,"href":"https:\/\/www.costergroup.eu\/de\/wp-json\/wp\/v2\/comments?post=2768"}],"version-history":[{"count":0,"href":"https:\/\/www.costergroup.eu\/de\/wp-json\/wp\/v2\/pages\/2768\/revisions"}],"wp:attachment":[{"href":"https:\/\/www.costergroup.eu\/de\/wp-json\/wp\/v2\/media?parent=2768"}],"curies":[{"name":"wp","href":"https:\/\/api.w.org\/{rel}","templated":true}]}}